{"id":29,"date":"2022-05-31T06:24:53","date_gmt":"2022-05-31T06:24:53","guid":{"rendered":"https:\/\/alimentar.io\/?page_id=29"},"modified":"2022-07-09T17:59:41","modified_gmt":"2022-07-09T17:59:41","slug":"home","status":"publish","type":"page","link":"https:\/\/alimentar.io\/","title":{"rendered":"Home"},"content":{"rendered":"\n<div class=\"wp-block-columns is-layout-flex wp-container-core-columns-is-layout-28f84493 wp-block-columns-is-layout-flex\">\n<div class=\"wp-block-column is-layout-flow wp-block-column-is-layout-flow\" style=\"flex-basis:100%\"><\/div>\n<\/div>\n\n\n\n<div class=\"wp-block-columns container is-layout-flex wp-container-core-columns-is-layout-28f84493 wp-block-columns-is-layout-flex\">\n<div class=\"wp-block-column col-md-5 is-layout-flow wp-block-column-is-layout-flow\">\n<p><\/p>\n\n\n\n<div class=\"wp-block-media-text alignwide is-stacked-on-mobile is-vertically-aligned-center has-background\" style=\"background-color:#f1f5c7\"><figure class=\"wp-block-media-text__media\"><img loading=\"lazy\" decoding=\"async\" width=\"500\" height=\"500\" src=\"https:\/\/alimentar.io\/wp-content\/uploads\/2022\/07\/jenni-miska-dOANMz2N2n0-unsplash_500.jpg\" alt=\"\" class=\"wp-image-112 size-full\" srcset=\"https:\/\/alimentar.io\/wp-content\/uploads\/2022\/07\/jenni-miska-dOANMz2N2n0-unsplash_500.jpg 500w, https:\/\/alimentar.io\/wp-content\/uploads\/2022\/07\/jenni-miska-dOANMz2N2n0-unsplash_500-300x300.jpg 300w, https:\/\/alimentar.io\/wp-content\/uploads\/2022\/07\/jenni-miska-dOANMz2N2n0-unsplash_500-150x150.jpg 150w\" sizes=\"auto, (max-width: 500px) 100vw, 500px\" \/><\/figure><div class=\"wp-block-media-text__content\">\n<div class=\"wp-block-group\" style=\"padding-top:2em;padding-right:2em;padding-bottom:2em;padding-left:2em\"><div class=\"wp-block-group__inner-container is-layout-flow wp-block-group-is-layout-flow\">\n<p><strong>Trazabilidad desde el origen<\/strong><\/p>\n\n\n\n<p>Los consumidores pueden verificar la historia de la producci\u00f3n y distribuci\u00f3n de sus alimentos. Los datos registrados desde el origen en la <strong>blockchain<\/strong> les brinda confianza para conocer con un click toda la informaci\u00f3n detallada de la granja, la producci\u00f3n, almacenamiento y distribuci\u00f3n.<\/p>\n\n\n\n<p>Los productores, comercios y consumidores se benefician de los datos que aportan a la red, con informaci\u00f3n que les permite reducir costos de producci\u00f3n e inventario para optimizar toda la cadena de suministro.<\/p>\n<\/div><\/div>\n<\/div><\/div>\n\n\n\n<div class=\"wp-block-media-text alignwide has-media-on-the-right is-stacked-on-mobile is-vertically-aligned-center has-background\" style=\"background-color:#f1f5c7\"><figure class=\"wp-block-media-text__media\"><img loading=\"lazy\" decoding=\"async\" width=\"286\" height=\"430\" src=\"https:\/\/alimentar.io\/wp-content\/uploads\/2022\/05\/60c05651a9b31.png\" alt=\"\" class=\"wp-image-69 size-full\" srcset=\"https:\/\/alimentar.io\/wp-content\/uploads\/2022\/05\/60c05651a9b31.png 286w, https:\/\/alimentar.io\/wp-content\/uploads\/2022\/05\/60c05651a9b31-200x300.png 200w\" sizes=\"auto, (max-width: 286px) 100vw, 286px\" \/><\/figure><div class=\"wp-block-media-text__content\">\n<div class=\"wp-block-group\" style=\"padding-top:2em;padding-right:2em;padding-bottom:2em;padding-left:2em\"><div class=\"wp-block-group__inner-container is-layout-flow wp-block-group-is-layout-flow\">\n<h4 class=\"wp-block-heading\">Producci\u00f3n Inteligente<\/h4>\n\n\n\n<p>Producci\u00f3n \u00abjusto a tiempo\u00bb para optimizar el uso de recursos y maximizar la rentabilidad de la producci\u00f3n.<\/p>\n\n\n\n<p>Con las \u00f3rdenes de compra anticipada y el uso de sensores IoT en la granja se obtiene informaci\u00f3n valiosa para el productor, facilit\u00e1ndole la toma de decisiones que aseguren su producci\u00f3n de calidad. Se optimiza el uso de recursos escasos como el agua y se mitigan los efectos del cambio clim\u00e1tico en todo el ciclo productivo.<\/p>\n<\/div><\/div>\n<\/div><\/div>\n\n\n\n<div class=\"wp-block-media-text alignwide is-stacked-on-mobile is-vertically-aligned-center has-background\" style=\"background-color:#f1f5c7\"><figure class=\"wp-block-media-text__media\"><img loading=\"lazy\" decoding=\"async\" width=\"286\" height=\"430\" src=\"https:\/\/alimentar.io\/wp-content\/uploads\/2022\/05\/60c05651a9b31.png\" alt=\"\" class=\"wp-image-69 size-full\" srcset=\"https:\/\/alimentar.io\/wp-content\/uploads\/2022\/05\/60c05651a9b31.png 286w, https:\/\/alimentar.io\/wp-content\/uploads\/2022\/05\/60c05651a9b31-200x300.png 200w\" sizes=\"auto, (max-width: 286px) 100vw, 286px\" \/><\/figure><div class=\"wp-block-media-text__content\">\n<div class=\"wp-block-group\" style=\"padding-top:2em;padding-right:2em;padding-bottom:2em;padding-left:2em\"><div class=\"wp-block-group__inner-container is-layout-flow wp-block-group-is-layout-flow\">\n<h4 class=\"wp-block-heading\">Consumidores felices<\/h4>\n\n\n\n<p>Los alimentos org\u00e1nicos y procesados con inocuidad certificada son m\u00e1s apreciados por los consumidores. Los costos de inventario y desperdicio de alimentos tambi\u00e9n se reducen.<\/p>\n\n\n\n<p>El monitoreo permanente de la cadena de fr\u00edo y las variables ambientales del local y bodegas con sensores de Internet de Cosas mitiga los riesgos f\u00edsicos y biol\u00f3gicos en la producci\u00f3n y distribuci\u00f3n de alimentos. <\/p>\n<\/div><\/div>\n<\/div><\/div>\n<\/div>\n<\/div>\n","protected":false},"excerpt":{"rendered":"<p>Trazabilidad desde el origen Los consumidores pueden verificar la historia de la producci\u00f3n y distribuci\u00f3n de sus alimentos. Los datos registrados desde el origen en la blockchain les brinda confianza para conocer con un click toda la informaci\u00f3n detallada de la granja, la producci\u00f3n, almacenamiento y distribuci\u00f3n. Los productores, comercios [&hellip;]<\/p>\n","protected":false},"author":1,"featured_media":0,"parent":0,"menu_order":0,"comment_status":"closed","ping_status":"closed","template":"","meta":{"om_disable_all_campaigns":false,"_monsterinsights_skip_tracking":false,"_monsterinsights_sitenote_active":false,"_monsterinsights_sitenote_note":"","_monsterinsights_sitenote_category":0,"footnotes":""},"class_list":["post-29","page","type-page","status-publish","hentry"],"aioseo_notices":[],"_links":{"self":[{"href":"https:\/\/alimentar.io\/index.php?rest_route=\/wp\/v2\/pages\/29","targetHints":{"allow":["GET"]}}],"collection":[{"href":"https:\/\/alimentar.io\/index.php?rest_route=\/wp\/v2\/pages"}],"about":[{"href":"https:\/\/alimentar.io\/index.php?rest_route=\/wp\/v2\/types\/page"}],"author":[{"embeddable":true,"href":"https:\/\/alimentar.io\/index.php?rest_route=\/wp\/v2\/users\/1"}],"replies":[{"embeddable":true,"href":"https:\/\/alimentar.io\/index.php?rest_route=%2Fwp%2Fv2%2Fcomments&post=29"}],"version-history":[{"count":12,"href":"https:\/\/alimentar.io\/index.php?rest_route=\/wp\/v2\/pages\/29\/revisions"}],"predecessor-version":[{"id":116,"href":"https:\/\/alimentar.io\/index.php?rest_route=\/wp\/v2\/pages\/29\/revisions\/116"}],"wp:attachment":[{"href":"https:\/\/alimentar.io\/index.php?rest_route=%2Fwp%2Fv2%2Fmedia&parent=29"}],"curies":[{"name":"wp","href":"https:\/\/api.w.org\/{rel}","templated":true}]}}